{"id":11,"date":"2021-11-24T14:34:24","date_gmt":"2021-11-24T14:34:24","guid":{"rendered":"https:\/\/grifonlogistics.ro\/?page_id=11"},"modified":"2021-12-17T04:23:25","modified_gmt":"2021-12-17T04:23:25","slug":"despre-noi","status":"publish","type":"page","link":"https:\/\/grifonlogistics.ro\/en\/despre-noi\/","title":{"rendered":"About us"},"content":{"rendered":"\t\t<div data-elementor-type=\"wp-page\" data-elementor-id=\"11\" class=\"elementor elementor-11\" data-elementor-post-type=\"page\">\n\t\t\t\t\t\t<section class=\"elementor-section elementor-top-section elementor-element elementor-element-a36aa0c elementor-section-full_width elementor-section-height-min-height elementor-section-items-stretch elementor-section-content-middle elementor-section-height-default\" data-id=\"a36aa0c\" data-element_type=\"section\" data-e-type=\"section\" data-settings=\"{&quot;motion_fx_motion_fx_scrolling&quot;:&quot;yes&quot;,&quot;motion_fx_devices&quot;:[&quot;desktop&quot;,&quot;tablet&quot;,&quot;mobile&quot;]}\">\n\t\t\t\t\t\t<div class=\"elementor-container elementor-column-gap-no\">\n\t\t\t\t\t<div class=\"elementor-column elementor-col-50 elementor-top-column elementor-element elementor-element-b7b2309\" data-id=\"b7b2309\" data-element_type=\"column\" data-e-type=\"column\" data-settings=\"{&quot;background_background&quot;:&quot;classic&quot;}\">\n\t\t\t<div class=\"elementor-widget-wrap elementor-element-populated\">\n\t\t\t\t\t\t<div class=\"elementor-element elementor-element-b2a45d4 animated-slow elementor-invisible elementor-widget elementor-widget-image\" data-id=\"b2a45d4\" data-element_type=\"widget\" data-e-type=\"widget\" data-settings=\"{&quot;_animation&quot;:&quot;fadeIn&quot;}\" data-widget_type=\"image.default\">\n\t\t\t\t<div class=\"elementor-widget-container\">\n\t\t\t\t\t\t\t\t\t\t\t\t\t\t\t<img fetchpriority=\"high\" decoding=\"async\" width=\"750\" height=\"365\" src=\"https:\/\/grifonlogistics.ro\/wp-content\/uploads\/2021\/12\/20200619_123510-1024x498.jpg\" class=\"attachment-large size-large wp-image-405\" alt=\"logistic\" srcset=\"https:\/\/grifonlogistics.ro\/wp-content\/uploads\/2021\/12\/20200619_123510-1024x498.jpg 1024w, https:\/\/grifonlogistics.ro\/wp-content\/uploads\/2021\/12\/20200619_123510-300x146.jpg 300w, https:\/\/grifonlogistics.ro\/wp-content\/uploads\/2021\/12\/20200619_123510-768x373.jpg 768w, https:\/\/grifonlogistics.ro\/wp-content\/uploads\/2021\/12\/20200619_123510-1536x747.jpg 1536w, https:\/\/grifonlogistics.ro\/wp-content\/uploads\/2021\/12\/20200619_123510-2048x996.jpg 2048w, https:\/\/grifonlogistics.ro\/wp-content\/uploads\/2021\/12\/20200619_123510-18x9.jpg 18w, https:\/\/grifonlogistics.ro\/wp-content\/uploads\/2021\/12\/20200619_123510-1568x762.jpg 1568w\" sizes=\"(max-width: 750px) 100vw, 750px\" style=\"width:100%;height:48.59%;max-width:2560px\" \/>\t\t\t\t\t\t\t\t\t\t\t\t\t\t\t<\/div>\n\t\t\t\t<\/div>\n\t\t\t\t<div class=\"elementor-element elementor-element-be4d5d7 elementor-view-stacked elementor-shape-square elementor-absolute elementor-widget elementor-widget-icon\" data-id=\"be4d5d7\" data-element_type=\"widget\" data-e-type=\"widget\" data-settings=\"{&quot;_position&quot;:&quot;absolute&quot;}\" data-widget_type=\"icon.default\">\n\t\t\t\t<div class=\"elementor-widget-container\">\n\t\t\t\t\t\t\t<div class=\"elementor-icon-wrapper\">\n\t\t\t<a class=\"elementor-icon\" href=\"#cum-a-inceput\">\n\t\t\t<svg xmlns=\"http:\/\/www.w3.org\/2000\/svg\" id=\"bd360ee6-57fd-4359-b2dc-7fcc99dd8348\" data-name=\"Layer 1\" width=\"34.5083\" height=\"56.5635\" viewBox=\"0 0 34.5083 56.5635\"><polygon points=\"34.01 40.394 17.134 55.427 17.134 0 16.384 0 16.384 54.952 0.519 39.782 0 40.325 16.384 55.99 16.384 56 16.395 56 16.735 56.325 16.986 56.563 34.508 40.954 34.01 40.394\"><\/polygon><\/svg>\t\t\t<\/a>\n\t\t<\/div>\n\t\t\t\t\t\t<\/div>\n\t\t\t\t<\/div>\n\t\t\t\t\t<\/div>\n\t\t<\/div>\n\t\t\t\t<div class=\"elementor-column elementor-col-50 elementor-top-column elementor-element elementor-element-6c3200c\" data-id=\"6c3200c\" data-element_type=\"column\" data-e-type=\"column\">\n\t\t\t<div class=\"elementor-widget-wrap elementor-element-populated\">\n\t\t\t\t\t\t<div class=\"elementor-element elementor-element-b38864c elementor-widget elementor-widget-heading\" data-id=\"b38864c\" data-element_type=\"widget\" data-e-type=\"widget\" data-widget_type=\"heading.default\">\n\t\t\t\t<div class=\"elementor-widget-container\">\n\t\t\t\t\t<h1 class=\"elementor-heading-title elementor-size-default\">Despre<br>\nNoi<\/h1>\t\t\t\t<\/div>\n\t\t\t\t<\/div>\n\t\t\t\t<div class=\"elementor-element elementor-element-65fa2d7 elementor-widget elementor-widget-heading\" data-id=\"65fa2d7\" data-element_type=\"widget\" data-e-type=\"widget\" data-widget_type=\"heading.default\">\n\t\t\t\t<div class=\"elementor-widget-container\">\n\t\t\t\t\t<h5 class=\"elementor-heading-title elementor-size-default\">Totul a \u00eenceput \u00een 1994 c\u00e2nd am pus bazele companiei GRIFON SEREX SRL, companie specializat\u0103 \u00een domeniul transporturilor, \u00een toat\u0103 Europa!\n\nPe parcursul anilor, ne-am dezvoltat capacitatea de transport \u0219i am ajuns la o echip\u0103 de 160 de oameni. \n\nSuntem dota\u021bi cu un total de 80 de camioane si 15 dube frigorifice (3,5 \u0219i 7,5 tone)<\/h5>\t\t\t\t<\/div>\n\t\t\t\t<\/div>\n\t\t\t\t\t<\/div>\n\t\t<\/div>\n\t\t\t\t\t<\/div>\n\t\t<\/section>\n\t\t\t\t<section class=\"elementor-section elementor-top-section elementor-element elementor-element-43e8846 elementor-section-full_width elementor-reverse-tablet elementor-reverse-mobile elementor-section-height-default elementor-section-height-default\" data-id=\"43e8846\" data-element_type=\"section\" data-e-type=\"section\" data-settings=\"{&quot;motion_fx_motion_fx_scrolling&quot;:&quot;yes&quot;,&quot;motion_fx_devices&quot;:[&quot;desktop&quot;,&quot;tablet&quot;,&quot;mobile&quot;]}\">\n\t\t\t\t\t\t<div class=\"elementor-container elementor-column-gap-no\">\n\t\t\t\t\t<div class=\"elementor-column elementor-col-50 elementor-top-column elementor-element elementor-element-223f555\" data-id=\"223f555\" data-element_type=\"column\" data-e-type=\"column\">\n\t\t\t<div class=\"elementor-widget-wrap elementor-element-populated\">\n\t\t\t\t\t\t<section class=\"elementor-section elementor-inner-section elementor-element elementor-element-f1a1fb2 elementor-section-full_width elementor-section-height-default elementor-section-height-default\" data-id=\"f1a1fb2\" data-element_type=\"section\" data-e-type=\"section\">\n\t\t\t\t\t\t<div class=\"elementor-container elementor-column-gap-no\">\n\t\t\t\t\t<div class=\"elementor-column elementor-col-100 elementor-inner-column elementor-element elementor-element-a5acb8e\" data-id=\"a5acb8e\" data-element_type=\"column\" data-e-type=\"column\">\n\t\t\t<div class=\"elementor-widget-wrap elementor-element-populated\">\n\t\t\t\t\t\t<div class=\"elementor-element elementor-element-8b70e3b elementor-widget elementor-widget-heading\" data-id=\"8b70e3b\" data-element_type=\"widget\" data-e-type=\"widget\" id=\"cum-a-inceput\" data-widget_type=\"heading.default\">\n\t\t\t\t<div class=\"elementor-widget-container\">\n\t\t\t\t\t<h2 class=\"elementor-heading-title elementor-size-default\">Cum a inceput totul?<\/h2>\t\t\t\t<\/div>\n\t\t\t\t<\/div>\n\t\t\t\t<div class=\"elementor-element elementor-element-496da2c elementor-widget elementor-widget-image\" data-id=\"496da2c\" data-element_type=\"widget\" data-e-type=\"widget\" data-widget_type=\"image.default\">\n\t\t\t\t<div class=\"elementor-widget-container\">\n\t\t\t\t\t\t\t\t\t\t\t\t\t\t\t<img decoding=\"async\" width=\"2560\" height=\"1244\" src=\"https:\/\/grifonlogistics.ro\/wp-content\/uploads\/2021\/12\/20200619_123616-scaled.jpg\" class=\"attachment-full size-full wp-image-408\" alt=\"depozit2\" srcset=\"https:\/\/grifonlogistics.ro\/wp-content\/uploads\/2021\/12\/20200619_123616-scaled.jpg 2560w, https:\/\/grifonlogistics.ro\/wp-content\/uploads\/2021\/12\/20200619_123616-300x146.jpg 300w, https:\/\/grifonlogistics.ro\/wp-content\/uploads\/2021\/12\/20200619_123616-1024x498.jpg 1024w, https:\/\/grifonlogistics.ro\/wp-content\/uploads\/2021\/12\/20200619_123616-768x373.jpg 768w, https:\/\/grifonlogistics.ro\/wp-content\/uploads\/2021\/12\/20200619_123616-1536x747.jpg 1536w, https:\/\/grifonlogistics.ro\/wp-content\/uploads\/2021\/12\/20200619_123616-2048x996.jpg 2048w, https:\/\/grifonlogistics.ro\/wp-content\/uploads\/2021\/12\/20200619_123616-18x9.jpg 18w, https:\/\/grifonlogistics.ro\/wp-content\/uploads\/2021\/12\/20200619_123616-1568x762.jpg 1568w\" sizes=\"(max-width: 2560px) 100vw, 2560px\" style=\"width:100%;height:48.59%;max-width:2560px\" \/>\t\t\t\t\t\t\t\t\t\t\t\t\t\t\t<\/div>\n\t\t\t\t<\/div>\n\t\t\t\t\t<\/div>\n\t\t<\/div>\n\t\t\t\t\t<\/div>\n\t\t<\/section>\n\t\t\t\t<div class=\"elementor-element elementor-element-34652be elementor-widget__width-initial elementor-widget elementor-widget-spacer\" data-id=\"34652be\" data-element_type=\"widget\" data-e-type=\"widget\" data-widget_type=\"spacer.default\">\n\t\t\t\t<div class=\"elementor-widget-container\">\n\t\t\t\t\t\t\t<div class=\"elementor-spacer\">\n\t\t\t<div class=\"elementor-spacer-inner\"><\/div>\n\t\t<\/div>\n\t\t\t\t\t\t<\/div>\n\t\t\t\t<\/div>\n\t\t\t\t\t<\/div>\n\t\t<\/div>\n\t\t\t\t<div class=\"elementor-column elementor-col-50 elementor-top-column elementor-element elementor-element-e4d75d3\" data-id=\"e4d75d3\" data-element_type=\"column\" data-e-type=\"column\">\n\t\t\t<div class=\"elementor-widget-wrap elementor-element-populated\">\n\t\t\t\t\t\t<div class=\"elementor-element elementor-element-3efcbbd elementor-widget elementor-widget-spacer\" data-id=\"3efcbbd\" data-element_type=\"widget\" data-e-type=\"widget\" data-widget_type=\"spacer.default\">\n\t\t\t\t<div class=\"elementor-widget-container\">\n\t\t\t\t\t\t\t<div class=\"elementor-spacer\">\n\t\t\t<div class=\"elementor-spacer-inner\"><\/div>\n\t\t<\/div>\n\t\t\t\t\t\t<\/div>\n\t\t\t\t<\/div>\n\t\t\t\t\t<\/div>\n\t\t<\/div>\n\t\t\t\t\t<\/div>\n\t\t<\/section>\n\t\t\t\t<section class=\"elementor-section elementor-top-section elementor-element elementor-element-d528172 elementor-section-boxed elementor-section-height-default elementor-section-height-default\" data-id=\"d528172\" data-element_type=\"section\" data-e-type=\"section\">\n\t\t\t\t\t\t<div class=\"elementor-container elementor-column-gap-default\">\n\t\t\t\t\t<div class=\"elementor-column elementor-col-100 elementor-top-column elementor-element elementor-element-9b42d1e\" data-id=\"9b42d1e\" data-element_type=\"column\" data-e-type=\"column\">\n\t\t\t<div class=\"elementor-widget-wrap elementor-element-populated\">\n\t\t\t\t\t\t<div class=\"elementor-element elementor-element-6396892 elementor-widget elementor-widget-text-editor\" data-id=\"6396892\" data-element_type=\"widget\" data-e-type=\"widget\" data-widget_type=\"text-editor.default\">\n\t\t\t\t<div class=\"elementor-widget-container\">\n\t\t\t\t\t\t\t\t\t<p>Totul a \u00eenceput \u00een 1994 c\u00e2nd am pus bazele companiei GRIFON SEREX SRL, companie specializat\u0103 \u00een domeniul transporturilor!\u00a0<\/p><p>Pe parcursul anilor, ne-am dezvoltat capacitatea de transport \u0219i am ajuns la o echip\u0103 de 160 de oameni.<\/p><p>Suntem dota\u021bi cu un total de 80 de camioane si 15 dube frigorifice (3,5 \u0219i 7,5 tone)<\/p><p>Nu ne-am oprit aici,din dorin\u021ba de a ne extinde \u0219i de a descoperii noi arii de activitate, in anul 2008 a luat na\u0219tere GRIFON\u00a0 BETON, firma specializata pe producerea de betoane, \u0219ape \u0219i mortare \u0219i servicii de pompare a betonului.<\/p><p>Produsele oferite de Grifon Beton au o calitate superioar\u0103 garantat\u0103, care este oferit\u0103 de echipamentul modern \u0219i de materialele folosite \u00een procesul de produc\u021bie.<\/p>\t\t\t\t\t\t\t\t<\/div>\n\t\t\t\t<\/div>\n\t\t\t\t<div class=\"elementor-element elementor-element-1abb4ae elementor-align-center elementor-widget elementor-widget-button\" data-id=\"1abb4ae\" data-element_type=\"widget\" data-e-type=\"widget\" data-widget_type=\"button.default\">\n\t\t\t\t<div class=\"elementor-widget-container\">\n\t\t\t\t\t\t\t\t\t<div class=\"elementor-button-wrapper\">\n\t\t\t\t\t<a class=\"elementor-button elementor-button-link elementor-size-sm elementor-animation-grow\" href=\"http:\/\/grifonbeton.ro\/\">\n\t\t\t\t\t\t<span class=\"elementor-button-content-wrapper\">\n\t\t\t\t\t\t\t\t\t<span class=\"elementor-button-text\">GRIFON BETON<\/span>\n\t\t\t\t\t<\/span>\n\t\t\t\t\t<\/a>\n\t\t\t\t<\/div>\n\t\t\t\t\t\t\t\t<\/div>\n\t\t\t\t<\/div>\n\t\t\t\t\t<\/div>\n\t\t<\/div>\n\t\t\t\t\t<\/div>\n\t\t<\/section>\n\t\t\t\t<\/div>\n\t\t","protected":false},"excerpt":{"rendered":"<p>Despre Noi Totul a \u00eenceput \u00een 1994 c\u00e2nd am pus bazele companiei GRIFON SEREX SRL, companie specializat\u0103 \u00een domeniul transporturilor, \u00een toat\u0103 Europa! Pe parcursul anilor, ne-am dezvoltat capacitatea de transport \u0219i am ajuns la o echip\u0103 de 160 de oameni. Suntem dota\u021bi cu un total de 80 de camioane si 15 dube frigorifice (3,5&hellip; <a class=\"more-link\" href=\"https:\/\/grifonlogistics.ro\/en\/despre-noi\/\">Continue reading <span class=\"screen-reader-text\">About us<\/span><\/a><\/p>","protected":false},"author":1,"featured_media":0,"parent":0,"menu_order":0,"comment_status":"closed","ping_status":"closed","template":"elementor_header_footer","meta":{"_monsterinsights_skip_tracking":false,"_monsterinsights_sitenote_active":false,"_monsterinsights_sitenote_note":"","_monsterinsights_sitenote_category":0,"footnotes":""},"class_list":["post-11","page","type-page","status-publish","hentry","entry"],"aioseo_notices":[],"_links":{"self":[{"href":"https:\/\/grifonlogistics.ro\/en\/wp-json\/wp\/v2\/pages\/11","targetHints":{"allow":["GET"]}}],"collection":[{"href":"https:\/\/grifonlogistics.ro\/en\/wp-json\/wp\/v2\/pages"}],"about":[{"href":"https:\/\/grifonlogistics.ro\/en\/wp-json\/wp\/v2\/types\/page"}],"author":[{"embeddable":true,"href":"https:\/\/grifonlogistics.ro\/en\/wp-json\/wp\/v2\/users\/1"}],"replies":[{"embeddable":true,"href":"https:\/\/grifonlogistics.ro\/en\/wp-json\/wp\/v2\/comments?post=11"}],"version-history":[{"count":67,"href":"https:\/\/grifonlogistics.ro\/en\/wp-json\/wp\/v2\/pages\/11\/revisions"}],"predecessor-version":[{"id":452,"href":"https:\/\/grifonlogistics.ro\/en\/wp-json\/wp\/v2\/pages\/11\/revisions\/452"}],"wp:attachment":[{"href":"https:\/\/grifonlogistics.ro\/en\/wp-json\/wp\/v2\/media?parent=11"}],"curies":[{"name":"wp","href":"https:\/\/api.w.org\/{rel}","templated":true}]}}